{"id":107,"date":"2017-03-04T15:32:02","date_gmt":"2017-03-04T15:32:02","guid":{"rendered":"http:\/\/www.calvoscasas.com\/wordpress\/?page_id=107"},"modified":"2023-01-28T10:55:21","modified_gmt":"2023-01-28T10:55:21","slug":"werkwijze","status":"publish","type":"page","link":"https:\/\/www.calvoscasas.com\/pt\/werkwijze\/","title":{"rendered":"Prodecimento"},"content":{"rendered":"<p><\/p>\n<p>Desde o in\u00edcio, lidar\u00e1 com uma e a mesma pessoa de contacto tanto quanto poss\u00edvel e n\u00e3o pagar\u00e1 qualquer comiss\u00e3o (a menos que actuemos apenas como agente de compra para si)! Mas porque trabalhamos com uma equipa, h\u00e1 sempre um &#8220;back-up&#8221;.<\/p>\n<p>Assim, se pretende um servi\u00e7o exclusivo de pesquisa de propriedades , veio ao s\u00edtio certo.<\/p>\n<p>E quando quer vender o seu im\u00f3vel? Ent\u00e3o somos a melhor op\u00e7\u00e3o: fazemos publicidade internacional e podemos ajudar potenciais compradores em 5 l\u00ednguas (portugu\u00eas, ingl\u00eas, espanhol, holand\u00eas e franc\u00eas).<\/p>\n<p>Guiamo-lo, procuramos o que pretende, qualificamos o vendedor, qualificamos o im\u00f3vel com uma inspec\u00e7\u00e3o preliminar, sem custos.<br \/>Poupa tempo, sem aborrecimentos e sem dores de cabe\u00e7a desnecess\u00e1rias, sem falar com diferentes consultores, diferentes agentes imobili\u00e1rios, apenas uma pessoa a gui\u00e1-lo at\u00e9 \u00e0 propriedade que deseja, tudo de gra\u00e7a.<br \/>Fornecemos orienta\u00e7\u00e3o exclusiva e VIP, desde a pesquisa, at\u00e9 \u00e0 compra e, por conseguinte, \u00e0 sua estadia, tudo isto sem qualquer custo.<br \/>Se desejar, entraremos em contacto com os nossos parceiros:<br \/>renova\u00e7\u00f5es<br \/>Decora\u00e7\u00e3o interior e exterior<br \/>Jardinagem<br \/>Pequenos trabalhos de repara\u00e7\u00e3o<br \/>Documenta\u00e7\u00e3o e relocaliza\u00e7\u00e3o<br \/>Pain\u00e9is solares e efici\u00eancia energ\u00e9tica<br \/>Instala\u00e7\u00e3o de electricidade, TV e internet, \u00e1gua e g\u00e1s p\u00fablicos, etc&#8230;.<br \/>Estimativas gratuitas.<\/p>\n<p>Um primeiro contacto \u00e9 muitas vezes por e-mail ou telefone, pelo que a parte da oferta no site pode dar uma primeira ideia das possibilidades.<\/p>\n<p>Na nossa experi\u00eancia, mesmo que lhe envi\u00e1ssemos material v\u00eddeo extenso, a realidade continuar\u00e1 a ser diferente. Sentiria a falta da sensa\u00e7\u00e3o de estar em casa: poderia sentir-se em casa l\u00e1?<\/p>\n<p>\u00c9 por isso que faz sentido que venha a Portugal e olhe por si pr\u00f3prio para a zona.\u00a0<\/p>\n<p>No local, mostrar-lhe-emos o im\u00f3vel em que est\u00e1 interessado ou dar-lhe-emos uma impress\u00e3o dos im\u00f3veis da nossa carteira. Depois discutiremos os seus desejos a fim de enumerar as possibilidades concretas. N\u00e3o ser\u00e1 o primeiro (nem o \u00faltimo) a alterar completamente a sua lista de desejos como resultado da visita ao local e das informa\u00e7\u00f5es que fornecemos!<\/p>\n<p>Uma vez encontrado um bem adequado, negociaremos com o vendedor em seu nome, ajud\u00e1-lo-emos com o contrato preliminar e final de venda e todos os acordos com o solicitador e o not\u00e1rio. Podemos tamb\u00e9m providenciar o pagamento do imposto de transmiss\u00e3o e o registo da propriedade no registo predial e fiscal e, se necess\u00e1rio, ajud\u00e1-lo a obter uma hipoteca. O mesmo se aplica a servi\u00e7os como a liga\u00e7\u00e3o\/transfer\u00eancia de servi\u00e7os p\u00fablicos, a abertura de uma conta banc\u00e1ria, seguros, etc. Estas actividades adicionais s\u00e3o servi\u00e7os.<\/p>\n<p>Ap\u00f3s a compra do im\u00f3vel, poder\u00e1, se desejar, receber assist\u00eancia na constru\u00e7\u00e3o ou renova\u00e7\u00e3o. Temos contactos e experi\u00eancia com v\u00e1rios empreiteiros e outros artes\u00e3os nesta \u00e1rea. Isto inclui, por exemplo, a instala\u00e7\u00e3o de pain\u00e9is solares, limpeza, manuten\u00e7\u00e3o de jardins, etc. Um or\u00e7amento gratuito est\u00e1 inclu\u00eddo no nosso servi\u00e7o.<\/p>\n<p>A oferta de Calvos Casas est\u00e1 localizada principalmente na prov\u00edncia do Minho, no norte de Portugal.<\/p>\n<p>Organiz\u00e1mos as nossas ofertas no s\u00edtio tanto quanto poss\u00edvel por ordem cronol\u00f3gica, de acordo com o pre\u00e7o pedido. Tenha em mente que em quase todos os casos estes s\u00e3o apenas pre\u00e7os a pedir, mas incluem custos de media\u00e7\u00e3o.<\/p>\n<p>Por favor contacte-nos, sem compromisso, e teremos todo o prazer em inform\u00e1-lo sobre as possibilidades.<\/p>\n<p>.<\/p>\n\n\n<p><\/p>","protected":false},"excerpt":{"rendered":"<p>Desde o in\u00edcio, lidar\u00e1 com uma e a mesma pessoa de contacto tanto quanto poss\u00edvel e n\u00e3o pagar\u00e1 qualquer comiss\u00e3o (a menos que actuemos apenas como agente de compra para si)! Mas porque trabalhamos com uma equipa, h\u00e1 sempre um &#8220;back-up&#8221;. Assim, se pretende um servi\u00e7o exclusivo de pesquisa de propriedades , veio ao s\u00edtio [&hellip;]<\/p>\n","protected":false},"author":2,"featured_media":0,"parent":0,"menu_order":0,"comment_status":"closed","ping_status":"closed","template":"","meta":{"om_disable_all_campaigns":false,"footnotes":""},"class_list":["post-107","page","type-page","status-publish","hentry"],"aioseo_notices":[],"yoast_head":"<!-- This site is optimized with the Yoast SEO plugin v27.5 - https:\/\/yoast.com\/product\/yoast-seo-wordpress\/ -->\n<title>Prodecimento - Calvos Casas<\/title>\n<meta name=\"robots\" content=\"index, follow, max-snippet:-1, max-image-preview:large, max-video-preview:-1\" \/>\n<link rel=\"canonical\" href=\"https:\/\/www.calvoscasas.com\/werkwijze\/\" \/>\n<meta property=\"og:locale\" content=\"pt_PT\" \/>\n<meta property=\"og:type\" content=\"article\" \/>\n<meta property=\"og:title\" content=\"[:nl]Werkwijze[:en]Our procedure[:pt]Prodecimento[:] - Calvos Casas\" \/>\n<meta property=\"og:description\" content=\"Desde o in\u00edcio, lidar\u00e1 com uma e a mesma pessoa de contacto tanto quanto poss\u00edvel e n\u00e3o pagar\u00e1 qualquer comiss\u00e3o (a menos que actuemos apenas como agente de compra para si)! Mas porque trabalhamos com uma equipa, h\u00e1 sempre um &#8220;back-up&#8221;. Assim, se pretende um servi\u00e7o exclusivo de pesquisa de propriedades , veio ao s\u00edtio [&hellip;]\" \/>\n<meta property=\"og:url\" content=\"https:\/\/www.calvoscasas.com\/werkwijze\/\" \/>\n<meta property=\"og:site_name\" content=\"Calvos Casas\" \/>\n<meta property=\"article:modified_time\" content=\"2023-01-28T10:55:21+00:00\" \/>\n<meta name=\"twitter:card\" content=\"summary_large_image\" \/>\n<meta name=\"twitter:label1\" content=\"Tempo estimado de leitura\" \/>\n\t<meta name=\"twitter:data1\" content=\"10 minutos\" \/>\n<script type=\"application\/ld+json\" class=\"yoast-schema-graph\">{\"@context\":\"https:\\\/\\\/schema.org\",\"@graph\":[{\"@type\":\"WebPage\",\"@id\":\"https:\\\/\\\/www.calvoscasas.com\\\/werkwijze\\\/\",\"url\":\"https:\\\/\\\/www.calvoscasas.com\\\/werkwijze\\\/\",\"name\":\"[:nl]Werkwijze[:en]Our procedure[:pt]Prodecimento[:] - Calvos Casas\",\"isPartOf\":{\"@id\":\"https:\\\/\\\/www.calvoscasas.com\\\/#website\"},\"datePublished\":\"2017-03-04T15:32:02+00:00\",\"dateModified\":\"2023-01-28T10:55:21+00:00\",\"breadcrumb\":{\"@id\":\"https:\\\/\\\/www.calvoscasas.com\\\/werkwijze\\\/#breadcrumb\"},\"inLanguage\":\"pt-PT\",\"potentialAction\":[{\"@type\":\"ReadAction\",\"target\":[\"https:\\\/\\\/www.calvoscasas.com\\\/werkwijze\\\/\"]}]},{\"@type\":\"BreadcrumbList\",\"@id\":\"https:\\\/\\\/www.calvoscasas.com\\\/werkwijze\\\/#breadcrumb\",\"itemListElement\":[{\"@type\":\"ListItem\",\"position\":1,\"name\":\"Home\",\"item\":\"https:\\\/\\\/www.calvoscasas.com\\\/\"},{\"@type\":\"ListItem\",\"position\":2,\"name\":\"Werkwijze\"}]},{\"@type\":\"WebSite\",\"@id\":\"https:\\\/\\\/www.calvoscasas.com\\\/#website\",\"url\":\"https:\\\/\\\/www.calvoscasas.com\\\/\",\"name\":\"Calvos Casas\",\"description\":\"AMI 20736\",\"potentialAction\":[{\"@type\":\"SearchAction\",\"target\":{\"@type\":\"EntryPoint\",\"urlTemplate\":\"https:\\\/\\\/www.calvoscasas.com\\\/?s={search_term_string}\"},\"query-input\":{\"@type\":\"PropertyValueSpecification\",\"valueRequired\":true,\"valueName\":\"search_term_string\"}}],\"inLanguage\":\"pt-PT\"}]}<\/script>\n<!-- \/ Yoast SEO plugin. -->","yoast_head_json":{"title":"[:nl]Werkwijze[:en]Our procedure[:pt]Prodecimento[:] - Calvos Casas","robots":{"index":"index","follow":"follow","max-snippet":"max-snippet:-1","max-image-preview":"max-image-preview:large","max-video-preview":"max-video-preview:-1"},"canonical":"https:\/\/www.calvoscasas.com\/werkwijze\/","og_locale":"pt_PT","og_type":"article","og_title":"[:nl]Werkwijze[:en]Our procedure[:pt]Prodecimento[:] - Calvos Casas","og_description":"Desde o in\u00edcio, lidar\u00e1 com uma e a mesma pessoa de contacto tanto quanto poss\u00edvel e n\u00e3o pagar\u00e1 qualquer comiss\u00e3o (a menos que actuemos apenas como agente de compra para si)! Mas porque trabalhamos com uma equipa, h\u00e1 sempre um &#8220;back-up&#8221;. Assim, se pretende um servi\u00e7o exclusivo de pesquisa de propriedades , veio ao s\u00edtio [&hellip;]","og_url":"https:\/\/www.calvoscasas.com\/werkwijze\/","og_site_name":"Calvos Casas","article_modified_time":"2023-01-28T10:55:21+00:00","twitter_card":"summary_large_image","twitter_misc":{"Tempo estimado de leitura":"10 minutos"},"schema":{"@context":"https:\/\/schema.org","@graph":[{"@type":"WebPage","@id":"https:\/\/www.calvoscasas.com\/werkwijze\/","url":"https:\/\/www.calvoscasas.com\/werkwijze\/","name":"[:nl]Werkwijze[:en]Our procedure[:pt]Prodecimento[:] - Calvos Casas","isPartOf":{"@id":"https:\/\/www.calvoscasas.com\/#website"},"datePublished":"2017-03-04T15:32:02+00:00","dateModified":"2023-01-28T10:55:21+00:00","breadcrumb":{"@id":"https:\/\/www.calvoscasas.com\/werkwijze\/#breadcrumb"},"inLanguage":"pt-PT","potentialAction":[{"@type":"ReadAction","target":["https:\/\/www.calvoscasas.com\/werkwijze\/"]}]},{"@type":"BreadcrumbList","@id":"https:\/\/www.calvoscasas.com\/werkwijze\/#breadcrumb","itemListElement":[{"@type":"ListItem","position":1,"name":"Home","item":"https:\/\/www.calvoscasas.com\/"},{"@type":"ListItem","position":2,"name":"Werkwijze"}]},{"@type":"WebSite","@id":"https:\/\/www.calvoscasas.com\/#website","url":"https:\/\/www.calvoscasas.com\/","name":"Calvos Casas","description":"AMI 20736","potentialAction":[{"@type":"SearchAction","target":{"@type":"EntryPoint","urlTemplate":"https:\/\/www.calvoscasas.com\/?s={search_term_string}"},"query-input":{"@type":"PropertyValueSpecification","valueRequired":true,"valueName":"search_term_string"}}],"inLanguage":"pt-PT"}]}},"_links":{"self":[{"href":"https:\/\/www.calvoscasas.com\/pt\/wp-json\/wp\/v2\/pages\/107","targetHints":{"allow":["GET"]}}],"collection":[{"href":"https:\/\/www.calvoscasas.com\/pt\/wp-json\/wp\/v2\/pages"}],"about":[{"href":"https:\/\/www.calvoscasas.com\/pt\/wp-json\/wp\/v2\/types\/page"}],"author":[{"embeddable":true,"href":"https:\/\/www.calvoscasas.com\/pt\/wp-json\/wp\/v2\/users\/2"}],"replies":[{"embeddable":true,"href":"https:\/\/www.calvoscasas.com\/pt\/wp-json\/wp\/v2\/comments?post=107"}],"version-history":[{"count":11,"href":"https:\/\/www.calvoscasas.com\/pt\/wp-json\/wp\/v2\/pages\/107\/revisions"}],"predecessor-version":[{"id":4431,"href":"https:\/\/www.calvoscasas.com\/pt\/wp-json\/wp\/v2\/pages\/107\/revisions\/4431"}],"wp:attachment":[{"href":"https:\/\/www.calvoscasas.com\/pt\/wp-json\/wp\/v2\/media?parent=107"}],"curies":[{"name":"wp","href":"https:\/\/api.w.org\/{rel}","templated":true}]}}