{"id":128,"date":"2017-03-04T15:52:07","date_gmt":"2017-03-04T15:52:07","guid":{"rendered":"http:\/\/www.calvoscasas.com\/wordpress\/?page_id=128"},"modified":"2021-12-16T13:51:29","modified_gmt":"2021-12-16T13:51:29","slug":"wie-zijn-wij","status":"publish","type":"page","link":"https:\/\/www.calvoscasas.com\/pt\/wie-zijn-wij\/","title":{"rendered":"A equipe"},"content":{"rendered":"<p><\/p>\n<div class=\"wp-block-columns\">\n<div class=\"wp-block-column\" style=\"flex-basis: 100%;\">\n<figure class=\"wp-block-table\">\n<table>\n<tbody>\n<tr>\n<td class=\"has-text-align-left\" data-align=\"left\"><img loading=\"lazy\" decoding=\"async\" width=\"150\" height=\"150\" class=\"wp-image-4117\" style=\"width: 150px;\" src=\"https:\/\/www.calvoscasas.com\/wp-content\/uploads\/2021\/11\/image.png\" alt=\"\" srcset=\"https:\/\/www.calvoscasas.com\/wp-content\/uploads\/2021\/11\/image.png 153w, https:\/\/www.calvoscasas.com\/wp-content\/uploads\/2021\/11\/image-100x100.png 100w, https:\/\/www.calvoscasas.com\/wp-content\/uploads\/2021\/11\/image-45x45.png 45w\" sizes=\"auto, (max-width: 150px) 100vw, 150px\" \/><br \/>Herman van Katwijk<\/td>\n<td class=\"has-text-align-left\" data-align=\"left\">Fundador da Calvos Casas, vive em Portugal desde 2000 e desde ent\u00e3o tem estado envolvida na compra \/ venda de bens im\u00f3veis, fiscaliza\u00e7\u00e3o de constru\u00e7\u00e3o e assessoria no sentido mais lato da palavra.<br \/>Exame de agente imobili\u00e1rio realizado em 2006.<br \/>Fala holand\u00eas, ingl\u00eas e portugu\u00eas.<\/td>\n<\/tr>\n<tr>\n<td class=\"has-text-align-left\" data-align=\"left\"><img loading=\"lazy\" decoding=\"async\" width=\"139\" height=\"137\" class=\"wp-image-4141\" style=\"width: 139px;\" src=\"https:\/\/www.calvoscasas.com\/wp-content\/uploads\/2021\/11\/luis-1.jpg\" alt=\"\" srcset=\"https:\/\/www.calvoscasas.com\/wp-content\/uploads\/2021\/11\/luis-1.jpg 139w, https:\/\/www.calvoscasas.com\/wp-content\/uploads\/2021\/11\/luis-1-100x99.jpg 100w, https:\/\/www.calvoscasas.com\/wp-content\/uploads\/2021\/11\/luis-1-45x45.jpg 45w\" sizes=\"auto, (max-width: 139px) 100vw, 139px\" \/><br \/>Lu\u00efs Barbosa<\/td>\n<td class=\"has-text-align-left\" data-align=\"left\">Fundador da Trata Imobiliaria. Morou em Columbia por v\u00e1rios anos. <br \/>Fala espanhol e portugues.<\/td>\n<\/tr>\n<tr>\n<td class=\"has-text-align-left\" data-align=\"left\"><img loading=\"lazy\" decoding=\"async\" width=\"118\" height=\"137\" class=\"wp-image-4146\" style=\"width: 118px;\" src=\"https:\/\/www.calvoscasas.com\/wp-content\/uploads\/2021\/11\/jose-3.jpg\" alt=\"\" srcset=\"https:\/\/www.calvoscasas.com\/wp-content\/uploads\/2021\/11\/jose-3.jpg 118w, https:\/\/www.calvoscasas.com\/wp-content\/uploads\/2021\/11\/jose-3-100x116.jpg 100w\" sizes=\"auto, (max-width: 118px) 100vw, 118px\" \/><br \/>Jos\u00e9 Diogo<\/td>\n<td class=\"has-text-align-left\" data-align=\"left\">Membro da nossa equipe.<br \/>Fala ingles e portugues.<\/td>\n<\/tr>\n<tr>\n<td class=\"has-text-align-left\" data-align=\"left\"><img loading=\"lazy\" decoding=\"async\" width=\"140\" height=\"140\" class=\"wp-image-4148\" style=\"width: 140px;\" src=\"https:\/\/www.calvoscasas.com\/wp-content\/uploads\/2021\/11\/filipe-4.jpg\" alt=\"\" srcset=\"https:\/\/www.calvoscasas.com\/wp-content\/uploads\/2021\/11\/filipe-4.jpg 140w, https:\/\/www.calvoscasas.com\/wp-content\/uploads\/2021\/11\/filipe-4-100x100.jpg 100w, https:\/\/www.calvoscasas.com\/wp-content\/uploads\/2021\/11\/filipe-4-45x45.jpg 45w\" sizes=\"auto, (max-width: 140px) 100vw, 140px\" \/><br \/>Filipe Martins<\/td>\n<td class=\"has-text-align-left\" data-align=\"left\">Filipe \u00e9 muito bom em rastrear casas para clientes franceses, em particular.<br \/>Fala franc\u00eas e portugu\u00eas.<\/td>\n<\/tr>\n<\/tbody>\n<\/table>\n<\/figure>\n<\/div>\n<\/div>\n<p><\/p>\n<p><em><br><\/em><\/p>\n\n\n\n<p>Herman van Katwijk is the founder of Calvos Casas, has lived in Portugal permanently since 2000, and since 2004 has been working as a real estate agent and advisor on all kinds of emigration issues.<\/p>\n\n\n\n<p>Luis Barbosa is the founder of Trata.<\/p>\n\n\n\n<p>In 2021 Calvos Casas and Trata have joined forces. Step by step, professional photographs are being made, drone movies are being made and also a video tour will be more and more part of the information we provide.<\/p>\n\n\n\n<p>Together with the other members of our team, we can speak to clients in five languages and the site is advertised on more than 100 different (international) property portals.&nbsp;<\/p>\n\n\n\n<p>Every client can therefore call on a mediator who speaks their own language and is familiar with the habits and customs in Portugal and can therefore offer the best possible service.&nbsp;&nbsp;<\/p>\n\n\n\n<p> <em>Reviews of Dutch clients you may find at the independent site www.mondi.nl<\/em> <\/p>\n\n\n\n<p><\/p>\n\n\n\n<p><\/p>\n\n\n\n<p>Herman van Katwijk \u00e9 o fundador de Calvos Casas, vive permanentemente em Portugal desde 2000, e desde 2004 tem trabalhado como agente imobili\u00e1rio e consultor em todo o tipo de quest\u00f5es de emigra\u00e7\u00e3o.<\/p>\n\n\n\n<p>Luis Barbosa \u00e9 o fundador da Trata.<\/p>\n\n\n\n<p>Em 2021, Calvos Casas e Trata juntaram for\u00e7as. Passo a passo, est\u00e3o a ser feitas fotografias profissionais, est\u00e3o a ser feitos filmes de drone e tamb\u00e9m um tour de v\u00eddeo ser\u00e1 cada vez mais parte da informa\u00e7\u00e3o que fornecemos.<\/p>\n\n\n\n<p>Juntamente com os outros membros da nossa equipa, podemos falar com os clientes em cinco l\u00ednguas e o site \u00e9 anunciado em mais de 100 portais imobili\u00e1rios (internacionais) diferentes.&nbsp;<\/p>\n\n\n\n<p>Cada cliente pode portanto recorrer a um mediador que fale a sua pr\u00f3pria l\u00edngua e que esteja familiarizado com os costumes e h\u00e1bitos em Portugal, podendo assim oferecer o melhor servi\u00e7o poss\u00edvel.&nbsp;&nbsp;<\/p>","protected":false},"excerpt":{"rendered":"<p>Herman van Katwijk Fundador da Calvos Casas, vive em Portugal desde 2000 e desde ent\u00e3o tem estado envolvida na compra \/ venda de bens im\u00f3veis, fiscaliza\u00e7\u00e3o de constru\u00e7\u00e3o e assessoria no sentido mais lato da palavra.Exame de agente imobili\u00e1rio realizado em 2006.Fala holand\u00eas, ingl\u00eas e portugu\u00eas. Lu\u00efs Barbosa Fundador da Trata Imobiliaria. Morou em Columbia [&hellip;]<\/p>\n","protected":false},"author":2,"featured_media":0,"parent":0,"menu_order":0,"comment_status":"closed","ping_status":"closed","template":"","meta":{"om_disable_all_campaigns":false,"footnotes":""},"class_list":["post-128","page","type-page","status-publish","hentry"],"aioseo_notices":[],"yoast_head":"<!-- This site is optimized with the Yoast SEO plugin v27.6 - https:\/\/yoast.com\/product\/yoast-seo-wordpress\/ -->\n<title>A equipe - Calvos Casas<\/title>\n<meta name=\"robots\" content=\"index, follow, max-snippet:-1, max-image-preview:large, max-video-preview:-1\" \/>\n<link rel=\"canonical\" href=\"https:\/\/www.calvoscasas.com\/wie-zijn-wij\/\" \/>\n<meta property=\"og:locale\" content=\"pt_PT\" \/>\n<meta property=\"og:type\" content=\"article\" \/>\n<meta property=\"og:title\" content=\"[:nl]Het team[:en]The team[:pt]A equipe[:] - Calvos Casas\" \/>\n<meta property=\"og:description\" content=\"Herman van Katwijk Fundador da Calvos Casas, vive em Portugal desde 2000 e desde ent\u00e3o tem estado envolvida na compra \/ venda de bens im\u00f3veis, fiscaliza\u00e7\u00e3o de constru\u00e7\u00e3o e assessoria no sentido mais lato da palavra.Exame de agente imobili\u00e1rio realizado em 2006.Fala holand\u00eas, ingl\u00eas e portugu\u00eas. Lu\u00efs Barbosa Fundador da Trata Imobiliaria. Morou em Columbia [&hellip;]\" \/>\n<meta property=\"og:url\" content=\"https:\/\/www.calvoscasas.com\/wie-zijn-wij\/\" \/>\n<meta property=\"og:site_name\" content=\"Calvos Casas\" \/>\n<meta property=\"article:modified_time\" content=\"2021-12-16T13:51:29+00:00\" \/>\n<meta property=\"og:image\" content=\"https:\/\/www.calvoscasas.com\/wp-content\/uploads\/2021\/11\/image.png\" \/>\n<meta name=\"twitter:card\" content=\"summary_large_image\" \/>\n<meta name=\"twitter:label1\" content=\"Tempo estimado de leitura\" \/>\n\t<meta name=\"twitter:data1\" content=\"6 minutos\" \/>\n<script type=\"application\/ld+json\" class=\"yoast-schema-graph\">{\"@context\":\"https:\\\/\\\/schema.org\",\"@graph\":[{\"@type\":\"WebPage\",\"@id\":\"https:\\\/\\\/www.calvoscasas.com\\\/wie-zijn-wij\\\/\",\"url\":\"https:\\\/\\\/www.calvoscasas.com\\\/wie-zijn-wij\\\/\",\"name\":\"[:nl]Het team[:en]The team[:pt]A equipe[:] - Calvos Casas\",\"isPartOf\":{\"@id\":\"https:\\\/\\\/www.calvoscasas.com\\\/#website\"},\"primaryImageOfPage\":{\"@id\":\"https:\\\/\\\/www.calvoscasas.com\\\/wie-zijn-wij\\\/#primaryimage\"},\"image\":{\"@id\":\"https:\\\/\\\/www.calvoscasas.com\\\/wie-zijn-wij\\\/#primaryimage\"},\"thumbnailUrl\":\"https:\\\/\\\/www.calvoscasas.com\\\/wp-content\\\/uploads\\\/2021\\\/11\\\/image.png\",\"datePublished\":\"2017-03-04T15:52:07+00:00\",\"dateModified\":\"2021-12-16T13:51:29+00:00\",\"breadcrumb\":{\"@id\":\"https:\\\/\\\/www.calvoscasas.com\\\/wie-zijn-wij\\\/#breadcrumb\"},\"inLanguage\":\"pt-PT\",\"potentialAction\":[{\"@type\":\"ReadAction\",\"target\":[\"https:\\\/\\\/www.calvoscasas.com\\\/wie-zijn-wij\\\/\"]}]},{\"@type\":\"ImageObject\",\"inLanguage\":\"pt-PT\",\"@id\":\"https:\\\/\\\/www.calvoscasas.com\\\/wie-zijn-wij\\\/#primaryimage\",\"url\":\"https:\\\/\\\/www.calvoscasas.com\\\/wp-content\\\/uploads\\\/2021\\\/11\\\/image.png\",\"contentUrl\":\"https:\\\/\\\/www.calvoscasas.com\\\/wp-content\\\/uploads\\\/2021\\\/11\\\/image.png\"},{\"@type\":\"BreadcrumbList\",\"@id\":\"https:\\\/\\\/www.calvoscasas.com\\\/wie-zijn-wij\\\/#breadcrumb\",\"itemListElement\":[{\"@type\":\"ListItem\",\"position\":1,\"name\":\"Home\",\"item\":\"https:\\\/\\\/www.calvoscasas.com\\\/\"},{\"@type\":\"ListItem\",\"position\":2,\"name\":\"The team\"}]},{\"@type\":\"WebSite\",\"@id\":\"https:\\\/\\\/www.calvoscasas.com\\\/#website\",\"url\":\"https:\\\/\\\/www.calvoscasas.com\\\/\",\"name\":\"Calvos Casas\",\"description\":\"AMI 20736\",\"potentialAction\":[{\"@type\":\"SearchAction\",\"target\":{\"@type\":\"EntryPoint\",\"urlTemplate\":\"https:\\\/\\\/www.calvoscasas.com\\\/?s={search_term_string}\"},\"query-input\":{\"@type\":\"PropertyValueSpecification\",\"valueRequired\":true,\"valueName\":\"search_term_string\"}}],\"inLanguage\":\"pt-PT\"}]}<\/script>\n<!-- \/ Yoast SEO plugin. -->","yoast_head_json":{"title":"[:nl]Het team[:en]The team[:pt]A equipe[:] - Calvos Casas","robots":{"index":"index","follow":"follow","max-snippet":"max-snippet:-1","max-image-preview":"max-image-preview:large","max-video-preview":"max-video-preview:-1"},"canonical":"https:\/\/www.calvoscasas.com\/wie-zijn-wij\/","og_locale":"pt_PT","og_type":"article","og_title":"[:nl]Het team[:en]The team[:pt]A equipe[:] - Calvos Casas","og_description":"Herman van Katwijk Fundador da Calvos Casas, vive em Portugal desde 2000 e desde ent\u00e3o tem estado envolvida na compra \/ venda de bens im\u00f3veis, fiscaliza\u00e7\u00e3o de constru\u00e7\u00e3o e assessoria no sentido mais lato da palavra.Exame de agente imobili\u00e1rio realizado em 2006.Fala holand\u00eas, ingl\u00eas e portugu\u00eas. Lu\u00efs Barbosa Fundador da Trata Imobiliaria. Morou em Columbia [&hellip;]","og_url":"https:\/\/www.calvoscasas.com\/wie-zijn-wij\/","og_site_name":"Calvos Casas","article_modified_time":"2021-12-16T13:51:29+00:00","og_image":[{"url":"https:\/\/www.calvoscasas.com\/wp-content\/uploads\/2021\/11\/image.png","type":"","width":"","height":""}],"twitter_card":"summary_large_image","twitter_misc":{"Tempo estimado de leitura":"6 minutos"},"schema":{"@context":"https:\/\/schema.org","@graph":[{"@type":"WebPage","@id":"https:\/\/www.calvoscasas.com\/wie-zijn-wij\/","url":"https:\/\/www.calvoscasas.com\/wie-zijn-wij\/","name":"[:nl]Het team[:en]The team[:pt]A equipe[:] - Calvos Casas","isPartOf":{"@id":"https:\/\/www.calvoscasas.com\/#website"},"primaryImageOfPage":{"@id":"https:\/\/www.calvoscasas.com\/wie-zijn-wij\/#primaryimage"},"image":{"@id":"https:\/\/www.calvoscasas.com\/wie-zijn-wij\/#primaryimage"},"thumbnailUrl":"https:\/\/www.calvoscasas.com\/wp-content\/uploads\/2021\/11\/image.png","datePublished":"2017-03-04T15:52:07+00:00","dateModified":"2021-12-16T13:51:29+00:00","breadcrumb":{"@id":"https:\/\/www.calvoscasas.com\/wie-zijn-wij\/#breadcrumb"},"inLanguage":"pt-PT","potentialAction":[{"@type":"ReadAction","target":["https:\/\/www.calvoscasas.com\/wie-zijn-wij\/"]}]},{"@type":"ImageObject","inLanguage":"pt-PT","@id":"https:\/\/www.calvoscasas.com\/wie-zijn-wij\/#primaryimage","url":"https:\/\/www.calvoscasas.com\/wp-content\/uploads\/2021\/11\/image.png","contentUrl":"https:\/\/www.calvoscasas.com\/wp-content\/uploads\/2021\/11\/image.png"},{"@type":"BreadcrumbList","@id":"https:\/\/www.calvoscasas.com\/wie-zijn-wij\/#breadcrumb","itemListElement":[{"@type":"ListItem","position":1,"name":"Home","item":"https:\/\/www.calvoscasas.com\/"},{"@type":"ListItem","position":2,"name":"The team"}]},{"@type":"WebSite","@id":"https:\/\/www.calvoscasas.com\/#website","url":"https:\/\/www.calvoscasas.com\/","name":"Calvos Casas","description":"AMI 20736","potentialAction":[{"@type":"SearchAction","target":{"@type":"EntryPoint","urlTemplate":"https:\/\/www.calvoscasas.com\/?s={search_term_string}"},"query-input":{"@type":"PropertyValueSpecification","valueRequired":true,"valueName":"search_term_string"}}],"inLanguage":"pt-PT"}]}},"_links":{"self":[{"href":"https:\/\/www.calvoscasas.com\/pt\/wp-json\/wp\/v2\/pages\/128","targetHints":{"allow":["GET"]}}],"collection":[{"href":"https:\/\/www.calvoscasas.com\/pt\/wp-json\/wp\/v2\/pages"}],"about":[{"href":"https:\/\/www.calvoscasas.com\/pt\/wp-json\/wp\/v2\/types\/page"}],"author":[{"embeddable":true,"href":"https:\/\/www.calvoscasas.com\/pt\/wp-json\/wp\/v2\/users\/2"}],"replies":[{"embeddable":true,"href":"https:\/\/www.calvoscasas.com\/pt\/wp-json\/wp\/v2\/comments?post=128"}],"version-history":[{"count":63,"href":"https:\/\/www.calvoscasas.com\/pt\/wp-json\/wp\/v2\/pages\/128\/revisions"}],"predecessor-version":[{"id":4297,"href":"https:\/\/www.calvoscasas.com\/pt\/wp-json\/wp\/v2\/pages\/128\/revisions\/4297"}],"wp:attachment":[{"href":"https:\/\/www.calvoscasas.com\/pt\/wp-json\/wp\/v2\/media?parent=128"}],"curies":[{"name":"wp","href":"https:\/\/api.w.org\/{rel}","templated":true}]}}